{"id":602,"date":"2026-04-24T09:27:34","date_gmt":"2026-04-24T09:27:34","guid":{"rendered":"https:\/\/bizian.rkinformatika.online\/?page_id=602"},"modified":"2026-04-24T10:51:14","modified_gmt":"2026-04-24T10:51:14","slug":"osteopatia-pediatrica","status":"publish","type":"page","link":"https:\/\/bizian.es\/eu\/osteopatia-pediatrica\/","title":{"rendered":"Osteopat\u00eda pedi\u00e1trica"},"content":{"rendered":"<div data-elementor-type=\"wp-page\" data-elementor-id=\"602\" class=\"elementor elementor-602\" data-elementor-post-type=\"page\">\n\t\t\t\t<div class=\"elementor-element elementor-element-ca6fc9d e-flex e-con-boxed e-con e-parent\" data-id=\"ca6fc9d\" data-element_type=\"container\" data-e-type=\"container\" data-settings=\"{&quot;background_background&quot;:&quot;classic&quot;}\">\n\t\t\t\t\t<div class=\"e-con-inner\">\n\t\t\t\t\t<\/div>\n\t\t\t\t<\/div>\n\t\t<div class=\"elementor-element elementor-element-72c7b6f e-flex e-con-boxed e-con e-parent\" data-id=\"72c7b6f\" data-element_type=\"container\" data-e-type=\"container\" data-settings=\"{&quot;background_background&quot;:&quot;classic&quot;}\">\n\t\t\t\t\t<div class=\"e-con-inner\">\n\t\t\t\t<div class=\"elementor-element elementor-element-3a2cb25 elementor-widget elementor-widget-heading\" data-id=\"3a2cb25\" data-element_type=\"widget\" data-e-type=\"widget\" data-widget_type=\"heading.default\">\n\t\t\t\t\t<h2 class=\"elementor-heading-title elementor-size-default\">Osteopat\u00eda pedi\u00e1trica<\/h2>\t\t\t\t<\/div>\n\t\t\t\t\t<\/div>\n\t\t\t\t<\/div>\n\t\t<div class=\"elementor-element elementor-element-30cf3dc e-flex e-con-boxed e-con e-parent\" data-id=\"30cf3dc\" data-element_type=\"container\" data-e-type=\"container\">\n\t\t\t\t\t<div class=\"e-con-inner\">\n\t\t<div class=\"elementor-element elementor-element-88d41b7 e-con-full e-flex e-con e-child\" data-id=\"88d41b7\" data-element_type=\"container\" data-e-type=\"container\">\n\t\t\t\t<div class=\"elementor-element elementor-element-99e4af7 elementor-widget elementor-widget-text-editor\" data-id=\"99e4af7\" data-element_type=\"widget\" data-e-type=\"widget\" data-widget_type=\"text-editor.default\">\n\t\t\t\t\t\t\t\t\t<p>Un seguimiento osteop\u00e1tico debe hacerse desde el embarazo, ya que se podr\u00edan evitar problemas a\u00f1adidos, a lo que de por s\u00ed representa a veces, tanto para la madre como para el ni\u00f1o, el trauma de un parto en el que se han utilizado f\u00f3rceps, esp\u00e1tula o practicado una ces\u00e1rea.<\/p><p>Durante el parto, la cabeza del beb\u00e9 debe encajarse sin inconvenientes en la pelvis de la madre. La cabeza del ni\u00f1o est\u00e1 sometida a fuertes presiones provocando un desequilibrio mec\u00e1nico de las membranas y los huesos.<\/p><p>El beb\u00e9 ha de girar y torsionarse mientras se desliza por la pelvis \u00f3sea, en su corto pero altamente estimulante camino y gracias a que el cr\u00e1neo del beb\u00e9 es movible y din\u00e1mico, tiene la capacidad de deformarse y de absorber las tensiones durante su paso por el canal del parto.<\/p><p>A partir de los primeros d\u00edas, las deformidades craneales remiten de manera espont\u00e1nea cuando comienzan las funciones de succi\u00f3n, llanto\u2026, aunque su remisi\u00f3n no siempre es completa. Es aqu\u00ed donde interviene la osteopat\u00eda para volver a poner en armon\u00eda las suturas craneales cuando el cuerpo no lo hace de manera natural.<\/p><p>Un beb\u00e9 con tensi\u00f3n estar\u00e1 muy inc\u00f3modo por lo que se ver\u00e1 afectado su comportamiento y su desarrollo.<\/p>\t\t\t\t\t\t\t\t<\/div>\n\t\t\t\t<\/div>\n\t\t<div class=\"elementor-element elementor-element-01ee02c e-con-full e-flex e-con e-child\" data-id=\"01ee02c\" data-element_type=\"container\" data-e-type=\"container\">\n\t\t\t\t<div class=\"elementor-element elementor-element-bb23045 elementor-widget elementor-widget-image\" data-id=\"bb23045\" data-element_type=\"widget\" data-e-type=\"widget\" data-widget_type=\"image.default\">\n\t\t\t\t\t\t\t\t\t\t\t\t\t\t\t<img fetchpriority=\"high\" decoding=\"async\" width=\"800\" height=\"531\" src=\"https:\/\/bizian.es\/wp-content\/uploads\/2026\/04\/imgi_152_E101I00B-1024x680.jpg\" class=\"attachment-large size-large wp-image-768\" alt=\"\" srcset=\"https:\/\/bizian.es\/wp-content\/uploads\/2026\/04\/imgi_152_E101I00B-1024x680.jpg 1024w, https:\/\/bizian.es\/wp-content\/uploads\/2026\/04\/imgi_152_E101I00B-300x199.jpg 300w, https:\/\/bizian.es\/wp-content\/uploads\/2026\/04\/imgi_152_E101I00B-768x510.jpg 768w, https:\/\/bizian.es\/wp-content\/uploads\/2026\/04\/imgi_152_E101I00B-1536x1020.jpg 1536w, https:\/\/bizian.es\/wp-content\/uploads\/2026\/04\/imgi_152_E101I00B-18x12.jpg 18w, https:\/\/bizian.es\/wp-content\/uploads\/2026\/04\/imgi_152_E101I00B.jpg 1600w\" sizes=\"(max-width: 800px) 100vw, 800px\" \/>\t\t\t\t\t\t\t\t\t\t\t\t\t\t\t<\/div>\n\t\t\t\t<\/div>\n\t\t<div class=\"elementor-element elementor-element-7c173bf e-con-full e-flex e-con e-child\" data-id=\"7c173bf\" data-element_type=\"container\" data-e-type=\"container\">\n\t\t\t\t<div class=\"elementor-element elementor-element-e987a0f elementor-widget elementor-widget-image\" data-id=\"e987a0f\" data-element_type=\"widget\" data-e-type=\"widget\" data-widget_type=\"image.default\">\n\t\t\t\t\t\t\t\t\t\t\t\t\t\t\t<img decoding=\"async\" width=\"800\" height=\"500\" src=\"https:\/\/bizian.es\/wp-content\/uploads\/2026\/04\/MG_8433-1024x640.jpg\" class=\"attachment-large size-large wp-image-164\" alt=\"\" srcset=\"https:\/\/bizian.es\/wp-content\/uploads\/2026\/04\/MG_8433-1024x640.jpg 1024w, https:\/\/bizian.es\/wp-content\/uploads\/2026\/04\/MG_8433-300x188.jpg 300w, https:\/\/bizian.es\/wp-content\/uploads\/2026\/04\/MG_8433-768x480.jpg 768w, https:\/\/bizian.es\/wp-content\/uploads\/2026\/04\/MG_8433-1536x960.jpg 1536w, https:\/\/bizian.es\/wp-content\/uploads\/2026\/04\/MG_8433-18x12.jpg 18w, https:\/\/bizian.es\/wp-content\/uploads\/2026\/04\/MG_8433.jpg 2048w\" sizes=\"(max-width: 800px) 100vw, 800px\" \/>\t\t\t\t\t\t\t\t\t\t\t\t\t\t\t<\/div>\n\t\t\t\t<\/div>\n\t\t<div class=\"elementor-element elementor-element-c1ff222 e-con-full e-flex e-con e-child\" data-id=\"c1ff222\" data-element_type=\"container\" data-e-type=\"container\">\n\t\t\t\t<div class=\"elementor-element elementor-element-083222f elementor-widget elementor-widget-heading\" data-id=\"083222f\" data-element_type=\"widget\" data-e-type=\"widget\" data-widget_type=\"heading.default\">\n\t\t\t\t\t<h3 class=\"elementor-heading-title elementor-size-default\">La osteopat\u00eda en el beb\u00e9<\/h3>\t\t\t\t<\/div>\n\t\t\t\t<div class=\"elementor-element elementor-element-bcbcb20 elementor-widget elementor-widget-text-editor\" data-id=\"bcbcb20\" data-element_type=\"widget\" data-e-type=\"widget\" data-widget_type=\"text-editor.default\">\n\t\t\t\t\t\t\t\t\t<p>Consiste en armonizar el cr\u00e1neo en lo concerniente a las suturas, membranas y l\u00edquidos.<\/p>\t\t\t\t\t\t\t\t<\/div>\n\t\t\t\t<\/div>\n\t\t\t\t\t<\/div>\n\t\t\t\t<\/div>\n\t\t\t\t<\/div>","protected":false},"excerpt":{"rendered":"<p>Osteopat\u00eda pedi\u00e1trica Un seguimiento osteop\u00e1tico debe hacerse desde el embarazo, ya que se podr\u00edan evitar problemas a\u00f1adidos, a lo que de por s\u00ed representa a veces, tanto para la madre como para el ni\u00f1o, el trauma de un parto en el que se han utilizado f\u00f3rceps, esp\u00e1tula o practicado una ces\u00e1rea. Durante el parto, la [&hellip;]<\/p>\n","protected":false},"author":1,"featured_media":0,"parent":0,"menu_order":0,"comment_status":"closed","ping_status":"closed","template":"elementor_canvas","meta":{"footnotes":""},"class_list":["post-602","page","type-page","status-publish","hentry"],"yoast_head":"<!-- This site is optimized with the Yoast SEO plugin v27.5 - https:\/\/yoast.com\/product\/yoast-seo-wordpress\/ -->\n<title>Osteopat\u00eda pedi\u00e1trica - bizian<\/title>\n<meta name=\"robots\" content=\"index, follow, max-snippet:-1, max-image-preview:large, max-video-preview:-1\" \/>\n<link rel=\"canonical\" href=\"https:\/\/bizian.es\/eu\/osteopatia-pediatrica\/\" \/>\n<meta property=\"og:locale\" content=\"en_US\" \/>\n<meta property=\"og:type\" content=\"article\" \/>\n<meta property=\"og:title\" content=\"Osteopat\u00eda pedi\u00e1trica - bizian\" \/>\n<meta property=\"og:description\" content=\"Osteopat\u00eda pedi\u00e1trica Un seguimiento osteop\u00e1tico debe hacerse desde el embarazo, ya que se podr\u00edan evitar problemas a\u00f1adidos, a lo que de por s\u00ed representa a veces, tanto para la madre como para el ni\u00f1o, el trauma de un parto en el que se han utilizado f\u00f3rceps, esp\u00e1tula o practicado una ces\u00e1rea. Durante el parto, la [&hellip;]\" \/>\n<meta property=\"og:url\" content=\"https:\/\/bizian.es\/eu\/osteopatia-pediatrica\/\" \/>\n<meta property=\"og:site_name\" content=\"bizian\" \/>\n<meta property=\"article:modified_time\" content=\"2026-04-24T10:51:14+00:00\" \/>\n<meta property=\"og:image\" content=\"https:\/\/bizian.es\/wp-content\/uploads\/2026\/04\/imgi_152_E101I00B-1024x680.jpg\" \/>\n<meta name=\"twitter:card\" content=\"summary_large_image\" \/>\n<meta name=\"twitter:label1\" content=\"Est. reading time\" \/>\n\t<meta name=\"twitter:data1\" content=\"2 minutua\" \/>\n<script type=\"application\/ld+json\" class=\"yoast-schema-graph\">{\"@context\":\"https:\\\/\\\/schema.org\",\"@graph\":[{\"@type\":\"WebPage\",\"@id\":\"https:\\\/\\\/bizian.es\\\/osteopatia-pediatrica\\\/\",\"url\":\"https:\\\/\\\/bizian.es\\\/osteopatia-pediatrica\\\/\",\"name\":\"Osteopat\u00eda pedi\u00e1trica - bizian\",\"isPartOf\":{\"@id\":\"https:\\\/\\\/bizian.es\\\/#website\"},\"primaryImageOfPage\":{\"@id\":\"https:\\\/\\\/bizian.es\\\/osteopatia-pediatrica\\\/#primaryimage\"},\"image\":{\"@id\":\"https:\\\/\\\/bizian.es\\\/osteopatia-pediatrica\\\/#primaryimage\"},\"thumbnailUrl\":\"https:\\\/\\\/bizian.es\\\/wp-content\\\/uploads\\\/2026\\\/04\\\/imgi_152_E101I00B-1024x680.jpg\",\"datePublished\":\"2026-04-24T09:27:34+00:00\",\"dateModified\":\"2026-04-24T10:51:14+00:00\",\"breadcrumb\":{\"@id\":\"https:\\\/\\\/bizian.es\\\/osteopatia-pediatrica\\\/#breadcrumb\"},\"inLanguage\":\"eu\",\"potentialAction\":[{\"@type\":\"ReadAction\",\"target\":[\"https:\\\/\\\/bizian.es\\\/osteopatia-pediatrica\\\/\"]}]},{\"@type\":\"ImageObject\",\"inLanguage\":\"eu\",\"@id\":\"https:\\\/\\\/bizian.es\\\/osteopatia-pediatrica\\\/#primaryimage\",\"url\":\"https:\\\/\\\/bizian.es\\\/wp-content\\\/uploads\\\/2026\\\/04\\\/imgi_152_E101I00B-1024x680.jpg\",\"contentUrl\":\"https:\\\/\\\/bizian.es\\\/wp-content\\\/uploads\\\/2026\\\/04\\\/imgi_152_E101I00B-1024x680.jpg\"},{\"@type\":\"BreadcrumbList\",\"@id\":\"https:\\\/\\\/bizian.es\\\/osteopatia-pediatrica\\\/#breadcrumb\",\"itemListElement\":[{\"@type\":\"ListItem\",\"position\":1,\"name\":\"Portada\",\"item\":\"https:\\\/\\\/bizian.es\\\/\"},{\"@type\":\"ListItem\",\"position\":2,\"name\":\"Osteopat\u00eda pedi\u00e1trica\"}]},{\"@type\":\"WebSite\",\"@id\":\"https:\\\/\\\/bizian.es\\\/#website\",\"url\":\"https:\\\/\\\/bizian.es\\\/\",\"name\":\"bizian\",\"description\":\"\",\"publisher\":{\"@id\":\"https:\\\/\\\/bizian.es\\\/#organization\"},\"potentialAction\":[{\"@type\":\"SearchAction\",\"target\":{\"@type\":\"EntryPoint\",\"urlTemplate\":\"https:\\\/\\\/bizian.es\\\/?s={search_term_string}\"},\"query-input\":{\"@type\":\"PropertyValueSpecification\",\"valueRequired\":true,\"valueName\":\"search_term_string\"}}],\"inLanguage\":\"eu\"},{\"@type\":\"Organization\",\"@id\":\"https:\\\/\\\/bizian.es\\\/#organization\",\"name\":\"bizian\",\"url\":\"https:\\\/\\\/bizian.es\\\/\",\"logo\":{\"@type\":\"ImageObject\",\"inLanguage\":\"eu\",\"@id\":\"https:\\\/\\\/bizian.es\\\/#\\\/schema\\\/logo\\\/image\\\/\",\"url\":\"https:\\\/\\\/bizian.es\\\/wp-content\\\/uploads\\\/2026\\\/04\\\/imgi_29_bizian-logo.png\",\"contentUrl\":\"https:\\\/\\\/bizian.es\\\/wp-content\\\/uploads\\\/2026\\\/04\\\/imgi_29_bizian-logo.png\",\"width\":235,\"height\":127,\"caption\":\"bizian\"},\"image\":{\"@id\":\"https:\\\/\\\/bizian.es\\\/#\\\/schema\\\/logo\\\/image\\\/\"}}]}<\/script>\n<!-- \/ Yoast SEO plugin. -->","yoast_head_json":{"title":"Osteopat\u00eda pedi\u00e1trica - bizian","robots":{"index":"index","follow":"follow","max-snippet":"max-snippet:-1","max-image-preview":"max-image-preview:large","max-video-preview":"max-video-preview:-1"},"canonical":"https:\/\/bizian.es\/eu\/osteopatia-pediatrica\/","og_locale":"en_US","og_type":"article","og_title":"Osteopat\u00eda pedi\u00e1trica - bizian","og_description":"Osteopat\u00eda pedi\u00e1trica Un seguimiento osteop\u00e1tico debe hacerse desde el embarazo, ya que se podr\u00edan evitar problemas a\u00f1adidos, a lo que de por s\u00ed representa a veces, tanto para la madre como para el ni\u00f1o, el trauma de un parto en el que se han utilizado f\u00f3rceps, esp\u00e1tula o practicado una ces\u00e1rea. Durante el parto, la [&hellip;]","og_url":"https:\/\/bizian.es\/eu\/osteopatia-pediatrica\/","og_site_name":"bizian","article_modified_time":"2026-04-24T10:51:14+00:00","og_image":[{"url":"https:\/\/bizian.es\/wp-content\/uploads\/2026\/04\/imgi_152_E101I00B-1024x680.jpg","type":"","width":"","height":""}],"twitter_card":"summary_large_image","twitter_misc":{"Est. reading time":"2 minutua"},"schema":{"@context":"https:\/\/schema.org","@graph":[{"@type":"WebPage","@id":"https:\/\/bizian.es\/osteopatia-pediatrica\/","url":"https:\/\/bizian.es\/osteopatia-pediatrica\/","name":"Osteopat\u00eda pedi\u00e1trica - bizian","isPartOf":{"@id":"https:\/\/bizian.es\/#website"},"primaryImageOfPage":{"@id":"https:\/\/bizian.es\/osteopatia-pediatrica\/#primaryimage"},"image":{"@id":"https:\/\/bizian.es\/osteopatia-pediatrica\/#primaryimage"},"thumbnailUrl":"https:\/\/bizian.es\/wp-content\/uploads\/2026\/04\/imgi_152_E101I00B-1024x680.jpg","datePublished":"2026-04-24T09:27:34+00:00","dateModified":"2026-04-24T10:51:14+00:00","breadcrumb":{"@id":"https:\/\/bizian.es\/osteopatia-pediatrica\/#breadcrumb"},"inLanguage":"eu","potentialAction":[{"@type":"ReadAction","target":["https:\/\/bizian.es\/osteopatia-pediatrica\/"]}]},{"@type":"ImageObject","inLanguage":"eu","@id":"https:\/\/bizian.es\/osteopatia-pediatrica\/#primaryimage","url":"https:\/\/bizian.es\/wp-content\/uploads\/2026\/04\/imgi_152_E101I00B-1024x680.jpg","contentUrl":"https:\/\/bizian.es\/wp-content\/uploads\/2026\/04\/imgi_152_E101I00B-1024x680.jpg"},{"@type":"BreadcrumbList","@id":"https:\/\/bizian.es\/osteopatia-pediatrica\/#breadcrumb","itemListElement":[{"@type":"ListItem","position":1,"name":"Portada","item":"https:\/\/bizian.es\/"},{"@type":"ListItem","position":2,"name":"Osteopat\u00eda pedi\u00e1trica"}]},{"@type":"WebSite","@id":"https:\/\/bizian.es\/#website","url":"https:\/\/bizian.es\/","name":"bizian","description":"","publisher":{"@id":"https:\/\/bizian.es\/#organization"},"potentialAction":[{"@type":"SearchAction","target":{"@type":"EntryPoint","urlTemplate":"https:\/\/bizian.es\/?s={search_term_string}"},"query-input":{"@type":"PropertyValueSpecification","valueRequired":true,"valueName":"search_term_string"}}],"inLanguage":"eu"},{"@type":"Organization","@id":"https:\/\/bizian.es\/#organization","name":"bizian","url":"https:\/\/bizian.es\/","logo":{"@type":"ImageObject","inLanguage":"eu","@id":"https:\/\/bizian.es\/#\/schema\/logo\/image\/","url":"https:\/\/bizian.es\/wp-content\/uploads\/2026\/04\/imgi_29_bizian-logo.png","contentUrl":"https:\/\/bizian.es\/wp-content\/uploads\/2026\/04\/imgi_29_bizian-logo.png","width":235,"height":127,"caption":"bizian"},"image":{"@id":"https:\/\/bizian.es\/#\/schema\/logo\/image\/"}}]}},"_links":{"self":[{"href":"https:\/\/bizian.es\/eu\/wp-json\/wp\/v2\/pages\/602","targetHints":{"allow":["GET"]}}],"collection":[{"href":"https:\/\/bizian.es\/eu\/wp-json\/wp\/v2\/pages"}],"about":[{"href":"https:\/\/bizian.es\/eu\/wp-json\/wp\/v2\/types\/page"}],"author":[{"embeddable":true,"href":"https:\/\/bizian.es\/eu\/wp-json\/wp\/v2\/users\/1"}],"replies":[{"embeddable":true,"href":"https:\/\/bizian.es\/eu\/wp-json\/wp\/v2\/comments?post=602"}],"version-history":[{"count":34,"href":"https:\/\/bizian.es\/eu\/wp-json\/wp\/v2\/pages\/602\/revisions"}],"predecessor-version":[{"id":821,"href":"https:\/\/bizian.es\/eu\/wp-json\/wp\/v2\/pages\/602\/revisions\/821"}],"wp:attachment":[{"href":"https:\/\/bizian.es\/eu\/wp-json\/wp\/v2\/media?parent=602"}],"curies":[{"name":"wp","href":"https:\/\/api.w.org\/{rel}","templated":true}]}}