{"id":600,"date":"2026-04-24T09:27:58","date_gmt":"2026-04-24T09:27:58","guid":{"rendered":"https:\/\/bizian.rkinformatika.online\/?page_id=600"},"modified":"2026-04-24T10:49:38","modified_gmt":"2026-04-24T10:49:38","slug":"kinesiologia-holistica","status":"publish","type":"page","link":"https:\/\/bizian.es\/eu\/kinesiologia-holistica\/","title":{"rendered":"Kinesiolog\u00eda Hol\u00edstica"},"content":{"rendered":"<div data-elementor-type=\"wp-page\" data-elementor-id=\"600\" class=\"elementor elementor-600\" data-elementor-post-type=\"page\">\n\t\t\t\t<div class=\"elementor-element elementor-element-ca6fc9d e-flex e-con-boxed e-con e-parent\" data-id=\"ca6fc9d\" data-element_type=\"container\" data-e-type=\"container\" data-settings=\"{&quot;background_background&quot;:&quot;classic&quot;}\">\n\t\t\t\t\t<div class=\"e-con-inner\">\n\t\t\t\t\t<\/div>\n\t\t\t\t<\/div>\n\t\t<div class=\"elementor-element elementor-element-9a4d90f e-flex e-con-boxed e-con e-parent\" data-id=\"9a4d90f\" data-element_type=\"container\" data-e-type=\"container\" data-settings=\"{&quot;background_background&quot;:&quot;classic&quot;}\">\n\t\t\t\t\t<div class=\"e-con-inner\">\n\t\t\t\t<div class=\"elementor-element elementor-element-18379da elementor-widget elementor-widget-heading\" data-id=\"18379da\" data-element_type=\"widget\" data-e-type=\"widget\" data-widget_type=\"heading.default\">\n\t\t\t\t\t<h2 class=\"elementor-heading-title elementor-size-default\">Kinesiolog\u00eda Hol\u00edstica<\/h2>\t\t\t\t<\/div>\n\t\t\t\t\t<\/div>\n\t\t\t\t<\/div>\n\t\t<div class=\"elementor-element elementor-element-09d16b5 e-flex e-con-boxed e-con e-parent\" data-id=\"09d16b5\" data-element_type=\"container\" data-e-type=\"container\">\n\t\t\t\t\t<div class=\"e-con-inner\">\n\t\t<div class=\"elementor-element elementor-element-baae887 e-con-full e-flex e-con e-child\" data-id=\"baae887\" data-element_type=\"container\" data-e-type=\"container\">\n\t\t\t\t<div class=\"elementor-element elementor-element-d325ae1 elementor-widget elementor-widget-text-editor\" data-id=\"d325ae1\" data-element_type=\"widget\" data-e-type=\"widget\" data-widget_type=\"text-editor.default\">\n\t\t\t\t\t\t\t\t\t<p>La Kinesiolog\u00eda Hol\u00edstica es un sistema de diagn\u00f3stico y tratamiento desarrollado por el belga Raphael Van Assche, que utiliza la prueba del reflejo de la longitud de los brazos (AR). El AR valora la variaci\u00f3n del tono de las cadenas musculares paravertebrales derecha e izquierda ante diferentes tipos de est\u00edmulos, de manera que la longitud de los brazos cambia levemente. De esta manera, realizamos un di\u00e1logo profundo con el \u00abm\u00e9dico del cuerpo\u00bb, el cual, nos orienta hacia las posibles causas que hay detr\u00e1s del s\u00edntoma y as\u00ed, establecer la pauta correcta de tratamiento.<\/p><p>La Kinesiolog\u00eda Hol\u00edstica valora a la persona en su globalidad y hace especial hincapi\u00e9 en los aspectos que m\u00e1s le influyen a nivel estructural (m\u00fasculo, fascia, articulaciones o ligamentos), qu\u00edmico-metab\u00f3lico (carencias, excesos o disfunciones), emocional (flores de Bach, MFT, emociones atrapadas,&#8230;), en el campo energ\u00e9tico y en el de la integraci\u00f3n de la informaci\u00f3n (acupuntura-M.T.C., cerebelo y eje del estr\u00e9s). A trav\u00e9s de este m\u00e9todo, tambi\u00e9n podemos discernir las prioridades del cuerpo y establecer un orden de tratamiento, es decir, ocuparnos primero de aquello que en ese momento es lo m\u00e1s importante para su bienestar.<\/p>\t\t\t\t\t\t\t\t<\/div>\n\t\t\t\t<\/div>\n\t\t<div class=\"elementor-element elementor-element-ba1c421 e-con-full e-flex e-con e-child\" data-id=\"ba1c421\" data-element_type=\"container\" data-e-type=\"container\">\n\t\t\t\t<div class=\"elementor-element elementor-element-e12611d elementor-widget elementor-widget-image\" data-id=\"e12611d\" data-element_type=\"widget\" data-e-type=\"widget\" data-widget_type=\"image.default\">\n\t\t\t\t\t\t\t\t\t\t\t\t\t\t\t<img fetchpriority=\"high\" decoding=\"async\" width=\"800\" height=\"533\" src=\"https:\/\/bizian.es\/wp-content\/uploads\/2026\/04\/imgi_172_E10CBYH-1024x682.jpg\" class=\"attachment-large size-large wp-image-797\" alt=\"\" srcset=\"https:\/\/bizian.es\/wp-content\/uploads\/2026\/04\/imgi_172_E10CBYH-1024x682.jpg 1024w, https:\/\/bizian.es\/wp-content\/uploads\/2026\/04\/imgi_172_E10CBYH-300x200.jpg 300w, https:\/\/bizian.es\/wp-content\/uploads\/2026\/04\/imgi_172_E10CBYH-768x512.jpg 768w, https:\/\/bizian.es\/wp-content\/uploads\/2026\/04\/imgi_172_E10CBYH-1536x1023.jpg 1536w, https:\/\/bizian.es\/wp-content\/uploads\/2026\/04\/imgi_172_E10CBYH-18x12.jpg 18w, https:\/\/bizian.es\/wp-content\/uploads\/2026\/04\/imgi_172_E10CBYH.jpg 1600w\" sizes=\"(max-width: 800px) 100vw, 800px\" \/>\t\t\t\t\t\t\t\t\t\t\t\t\t\t\t<\/div>\n\t\t\t\t<\/div>\n\t\t\t\t\t<\/div>\n\t\t\t\t<\/div>\n\t\t\t\t<\/div>","protected":false},"excerpt":{"rendered":"<p>Kinesiolog\u00eda Hol\u00edstica La Kinesiolog\u00eda Hol\u00edstica es un sistema de diagn\u00f3stico y tratamiento desarrollado por el belga Raphael Van Assche, que utiliza la prueba del reflejo de la longitud de los brazos (AR). El AR valora la variaci\u00f3n del tono de las cadenas musculares paravertebrales derecha e izquierda ante diferentes tipos de est\u00edmulos, de manera que [&hellip;]<\/p>\n","protected":false},"author":1,"featured_media":0,"parent":0,"menu_order":0,"comment_status":"closed","ping_status":"closed","template":"elementor_canvas","meta":{"footnotes":""},"class_list":["post-600","page","type-page","status-publish","hentry"],"yoast_head":"<!-- This site is optimized with the Yoast SEO plugin v27.5 - https:\/\/yoast.com\/product\/yoast-seo-wordpress\/ -->\n<title>Kinesiolog\u00eda Hol\u00edstica - bizian<\/title>\n<meta name=\"robots\" content=\"index, follow, max-snippet:-1, max-image-preview:large, max-video-preview:-1\" \/>\n<link rel=\"canonical\" href=\"https:\/\/bizian.es\/eu\/kinesiologia-holistica\/\" \/>\n<meta property=\"og:locale\" content=\"en_US\" \/>\n<meta property=\"og:type\" content=\"article\" \/>\n<meta property=\"og:title\" content=\"Kinesiolog\u00eda Hol\u00edstica - bizian\" \/>\n<meta property=\"og:description\" content=\"Kinesiolog\u00eda Hol\u00edstica La Kinesiolog\u00eda Hol\u00edstica es un sistema de diagn\u00f3stico y tratamiento desarrollado por el belga Raphael Van Assche, que utiliza la prueba del reflejo de la longitud de los brazos (AR). El AR valora la variaci\u00f3n del tono de las cadenas musculares paravertebrales derecha e izquierda ante diferentes tipos de est\u00edmulos, de manera que [&hellip;]\" \/>\n<meta property=\"og:url\" content=\"https:\/\/bizian.es\/eu\/kinesiologia-holistica\/\" \/>\n<meta property=\"og:site_name\" content=\"bizian\" \/>\n<meta property=\"article:modified_time\" content=\"2026-04-24T10:49:38+00:00\" \/>\n<meta property=\"og:image\" content=\"https:\/\/bizian.es\/wp-content\/uploads\/2026\/04\/imgi_172_E10CBYH-1024x682.jpg\" \/>\n<meta name=\"twitter:card\" content=\"summary_large_image\" \/>\n<meta name=\"twitter:label1\" content=\"Est. reading time\" \/>\n\t<meta name=\"twitter:data1\" content=\"1 minutua\" \/>\n<script type=\"application\/ld+json\" class=\"yoast-schema-graph\">{\"@context\":\"https:\\\/\\\/schema.org\",\"@graph\":[{\"@type\":\"WebPage\",\"@id\":\"https:\\\/\\\/bizian.es\\\/kinesiologia-holistica\\\/\",\"url\":\"https:\\\/\\\/bizian.es\\\/kinesiologia-holistica\\\/\",\"name\":\"Kinesiolog\u00eda Hol\u00edstica - bizian\",\"isPartOf\":{\"@id\":\"https:\\\/\\\/bizian.es\\\/#website\"},\"primaryImageOfPage\":{\"@id\":\"https:\\\/\\\/bizian.es\\\/kinesiologia-holistica\\\/#primaryimage\"},\"image\":{\"@id\":\"https:\\\/\\\/bizian.es\\\/kinesiologia-holistica\\\/#primaryimage\"},\"thumbnailUrl\":\"https:\\\/\\\/bizian.es\\\/wp-content\\\/uploads\\\/2026\\\/04\\\/imgi_172_E10CBYH-1024x682.jpg\",\"datePublished\":\"2026-04-24T09:27:58+00:00\",\"dateModified\":\"2026-04-24T10:49:38+00:00\",\"breadcrumb\":{\"@id\":\"https:\\\/\\\/bizian.es\\\/kinesiologia-holistica\\\/#breadcrumb\"},\"inLanguage\":\"eu\",\"potentialAction\":[{\"@type\":\"ReadAction\",\"target\":[\"https:\\\/\\\/bizian.es\\\/kinesiologia-holistica\\\/\"]}]},{\"@type\":\"ImageObject\",\"inLanguage\":\"eu\",\"@id\":\"https:\\\/\\\/bizian.es\\\/kinesiologia-holistica\\\/#primaryimage\",\"url\":\"https:\\\/\\\/bizian.es\\\/wp-content\\\/uploads\\\/2026\\\/04\\\/imgi_172_E10CBYH-1024x682.jpg\",\"contentUrl\":\"https:\\\/\\\/bizian.es\\\/wp-content\\\/uploads\\\/2026\\\/04\\\/imgi_172_E10CBYH-1024x682.jpg\"},{\"@type\":\"BreadcrumbList\",\"@id\":\"https:\\\/\\\/bizian.es\\\/kinesiologia-holistica\\\/#breadcrumb\",\"itemListElement\":[{\"@type\":\"ListItem\",\"position\":1,\"name\":\"Portada\",\"item\":\"https:\\\/\\\/bizian.es\\\/\"},{\"@type\":\"ListItem\",\"position\":2,\"name\":\"Kinesiolog\u00eda Hol\u00edstica\"}]},{\"@type\":\"WebSite\",\"@id\":\"https:\\\/\\\/bizian.es\\\/#website\",\"url\":\"https:\\\/\\\/bizian.es\\\/\",\"name\":\"bizian\",\"description\":\"\",\"publisher\":{\"@id\":\"https:\\\/\\\/bizian.es\\\/#organization\"},\"potentialAction\":[{\"@type\":\"SearchAction\",\"target\":{\"@type\":\"EntryPoint\",\"urlTemplate\":\"https:\\\/\\\/bizian.es\\\/?s={search_term_string}\"},\"query-input\":{\"@type\":\"PropertyValueSpecification\",\"valueRequired\":true,\"valueName\":\"search_term_string\"}}],\"inLanguage\":\"eu\"},{\"@type\":\"Organization\",\"@id\":\"https:\\\/\\\/bizian.es\\\/#organization\",\"name\":\"bizian\",\"url\":\"https:\\\/\\\/bizian.es\\\/\",\"logo\":{\"@type\":\"ImageObject\",\"inLanguage\":\"eu\",\"@id\":\"https:\\\/\\\/bizian.es\\\/#\\\/schema\\\/logo\\\/image\\\/\",\"url\":\"https:\\\/\\\/bizian.es\\\/wp-content\\\/uploads\\\/2026\\\/04\\\/imgi_29_bizian-logo.png\",\"contentUrl\":\"https:\\\/\\\/bizian.es\\\/wp-content\\\/uploads\\\/2026\\\/04\\\/imgi_29_bizian-logo.png\",\"width\":235,\"height\":127,\"caption\":\"bizian\"},\"image\":{\"@id\":\"https:\\\/\\\/bizian.es\\\/#\\\/schema\\\/logo\\\/image\\\/\"}}]}<\/script>\n<!-- \/ Yoast SEO plugin. -->","yoast_head_json":{"title":"Kinesiolog\u00eda Hol\u00edstica - bizian","robots":{"index":"index","follow":"follow","max-snippet":"max-snippet:-1","max-image-preview":"max-image-preview:large","max-video-preview":"max-video-preview:-1"},"canonical":"https:\/\/bizian.es\/eu\/kinesiologia-holistica\/","og_locale":"en_US","og_type":"article","og_title":"Kinesiolog\u00eda Hol\u00edstica - bizian","og_description":"Kinesiolog\u00eda Hol\u00edstica La Kinesiolog\u00eda Hol\u00edstica es un sistema de diagn\u00f3stico y tratamiento desarrollado por el belga Raphael Van Assche, que utiliza la prueba del reflejo de la longitud de los brazos (AR). El AR valora la variaci\u00f3n del tono de las cadenas musculares paravertebrales derecha e izquierda ante diferentes tipos de est\u00edmulos, de manera que [&hellip;]","og_url":"https:\/\/bizian.es\/eu\/kinesiologia-holistica\/","og_site_name":"bizian","article_modified_time":"2026-04-24T10:49:38+00:00","og_image":[{"url":"https:\/\/bizian.es\/wp-content\/uploads\/2026\/04\/imgi_172_E10CBYH-1024x682.jpg","type":"","width":"","height":""}],"twitter_card":"summary_large_image","twitter_misc":{"Est. reading time":"1 minutua"},"schema":{"@context":"https:\/\/schema.org","@graph":[{"@type":"WebPage","@id":"https:\/\/bizian.es\/kinesiologia-holistica\/","url":"https:\/\/bizian.es\/kinesiologia-holistica\/","name":"Kinesiolog\u00eda Hol\u00edstica - bizian","isPartOf":{"@id":"https:\/\/bizian.es\/#website"},"primaryImageOfPage":{"@id":"https:\/\/bizian.es\/kinesiologia-holistica\/#primaryimage"},"image":{"@id":"https:\/\/bizian.es\/kinesiologia-holistica\/#primaryimage"},"thumbnailUrl":"https:\/\/bizian.es\/wp-content\/uploads\/2026\/04\/imgi_172_E10CBYH-1024x682.jpg","datePublished":"2026-04-24T09:27:58+00:00","dateModified":"2026-04-24T10:49:38+00:00","breadcrumb":{"@id":"https:\/\/bizian.es\/kinesiologia-holistica\/#breadcrumb"},"inLanguage":"eu","potentialAction":[{"@type":"ReadAction","target":["https:\/\/bizian.es\/kinesiologia-holistica\/"]}]},{"@type":"ImageObject","inLanguage":"eu","@id":"https:\/\/bizian.es\/kinesiologia-holistica\/#primaryimage","url":"https:\/\/bizian.es\/wp-content\/uploads\/2026\/04\/imgi_172_E10CBYH-1024x682.jpg","contentUrl":"https:\/\/bizian.es\/wp-content\/uploads\/2026\/04\/imgi_172_E10CBYH-1024x682.jpg"},{"@type":"BreadcrumbList","@id":"https:\/\/bizian.es\/kinesiologia-holistica\/#breadcrumb","itemListElement":[{"@type":"ListItem","position":1,"name":"Portada","item":"https:\/\/bizian.es\/"},{"@type":"ListItem","position":2,"name":"Kinesiolog\u00eda Hol\u00edstica"}]},{"@type":"WebSite","@id":"https:\/\/bizian.es\/#website","url":"https:\/\/bizian.es\/","name":"bizian","description":"","publisher":{"@id":"https:\/\/bizian.es\/#organization"},"potentialAction":[{"@type":"SearchAction","target":{"@type":"EntryPoint","urlTemplate":"https:\/\/bizian.es\/?s={search_term_string}"},"query-input":{"@type":"PropertyValueSpecification","valueRequired":true,"valueName":"search_term_string"}}],"inLanguage":"eu"},{"@type":"Organization","@id":"https:\/\/bizian.es\/#organization","name":"bizian","url":"https:\/\/bizian.es\/","logo":{"@type":"ImageObject","inLanguage":"eu","@id":"https:\/\/bizian.es\/#\/schema\/logo\/image\/","url":"https:\/\/bizian.es\/wp-content\/uploads\/2026\/04\/imgi_29_bizian-logo.png","contentUrl":"https:\/\/bizian.es\/wp-content\/uploads\/2026\/04\/imgi_29_bizian-logo.png","width":235,"height":127,"caption":"bizian"},"image":{"@id":"https:\/\/bizian.es\/#\/schema\/logo\/image\/"}}]}},"_links":{"self":[{"href":"https:\/\/bizian.es\/eu\/wp-json\/wp\/v2\/pages\/600","targetHints":{"allow":["GET"]}}],"collection":[{"href":"https:\/\/bizian.es\/eu\/wp-json\/wp\/v2\/pages"}],"about":[{"href":"https:\/\/bizian.es\/eu\/wp-json\/wp\/v2\/types\/page"}],"author":[{"embeddable":true,"href":"https:\/\/bizian.es\/eu\/wp-json\/wp\/v2\/users\/1"}],"replies":[{"embeddable":true,"href":"https:\/\/bizian.es\/eu\/wp-json\/wp\/v2\/comments?post=600"}],"version-history":[{"count":37,"href":"https:\/\/bizian.es\/eu\/wp-json\/wp\/v2\/pages\/600\/revisions"}],"predecessor-version":[{"id":818,"href":"https:\/\/bizian.es\/eu\/wp-json\/wp\/v2\/pages\/600\/revisions\/818"}],"wp:attachment":[{"href":"https:\/\/bizian.es\/eu\/wp-json\/wp\/v2\/media?parent=600"}],"curies":[{"name":"wp","href":"https:\/\/api.w.org\/{rel}","templated":true}]}}