{"id":599,"date":"2026-04-24T09:27:11","date_gmt":"2026-04-24T09:27:11","guid":{"rendered":"https:\/\/bizian.rkinformatika.online\/?page_id=599"},"modified":"2026-04-24T10:47:50","modified_gmt":"2026-04-24T10:47:50","slug":"posturas-de-musicos","status":"publish","type":"page","link":"https:\/\/bizian.es\/eu\/posturas-de-musicos\/","title":{"rendered":"Posturas de m\u00fasicos"},"content":{"rendered":"<div data-elementor-type=\"wp-page\" data-elementor-id=\"599\" class=\"elementor elementor-599\" data-elementor-post-type=\"page\">\n\t\t\t\t<div class=\"elementor-element elementor-element-ca6fc9d e-flex e-con-boxed e-con e-parent\" data-id=\"ca6fc9d\" data-element_type=\"container\" data-e-type=\"container\" data-settings=\"{&quot;background_background&quot;:&quot;classic&quot;}\">\n\t\t\t\t\t<div class=\"e-con-inner\">\n\t\t\t\t\t<\/div>\n\t\t\t\t<\/div>\n\t\t<div class=\"elementor-element elementor-element-72c7b6f e-flex e-con-boxed e-con e-parent\" data-id=\"72c7b6f\" data-element_type=\"container\" data-e-type=\"container\" data-settings=\"{&quot;background_background&quot;:&quot;classic&quot;}\">\n\t\t\t\t\t<div class=\"e-con-inner\">\n\t\t\t\t<div class=\"elementor-element elementor-element-3a2cb25 elementor-widget elementor-widget-heading\" data-id=\"3a2cb25\" data-element_type=\"widget\" data-e-type=\"widget\" data-widget_type=\"heading.default\">\n\t\t\t\t\t<h2 class=\"elementor-heading-title elementor-size-default\">Posturas de m\u00fasicos<\/h2>\t\t\t\t<\/div>\n\t\t\t\t\t<\/div>\n\t\t\t\t<\/div>\n\t\t<div class=\"elementor-element elementor-element-50eb5ad e-flex e-con-boxed e-con e-parent\" data-id=\"50eb5ad\" data-element_type=\"container\" data-e-type=\"container\">\n\t\t\t\t\t<div class=\"e-con-inner\">\n\t\t<div class=\"elementor-element elementor-element-08437cb e-con-full e-flex e-con e-child\" data-id=\"08437cb\" data-element_type=\"container\" data-e-type=\"container\">\n\t\t\t\t<div class=\"elementor-element elementor-element-5ac7c2d elementor-widget elementor-widget-text-editor\" data-id=\"5ac7c2d\" data-element_type=\"widget\" data-e-type=\"widget\" data-widget_type=\"text-editor.default\">\n\t\t\t\t\t\t\t\t\t<ul><li>An\u00e1lisis de la situaci\u00f3n en que se encuentra el m\u00fasico, seg\u00fan los distintos s\u00edntomas que presenta en su organismo estructural y anomal\u00edas funcionales con dolor, fatigas, tendinitis, contracturas, sobrecargas posturales, etc.<\/li><li>Diagn\u00f3stico: estudio del origen y posibles causas de las lesiones.<\/li><li>Localizaci\u00f3n y determinaci\u00f3n del problema.<\/li><li>Planificaci\u00f3n del tratamiento adecuado para la correcci\u00f3n del gesto y la postura.<\/li><li>Evaluaci\u00f3n post-tratamiento necesario y elaboraci\u00f3n de un plan de prevenci\u00f3n concreta.<\/li><li>Nuestro fin es aliviar y hacer desaparecer estas lesiones.<\/li><\/ul><p><br \/><br \/>Adem\u00e1s, a\u00f1adimos como objetivo, el Conocimiento del Esquema Corporal Propio:<\/p>\t\t\t\t\t\t\t\t<\/div>\n\t\t\t\t<\/div>\n\t\t<div class=\"elementor-element elementor-element-1c97197 e-con-full e-flex e-con e-child\" data-id=\"1c97197\" data-element_type=\"container\" data-e-type=\"container\">\n\t\t\t\t<div class=\"elementor-element elementor-element-396ff11 elementor-widget elementor-widget-image\" data-id=\"396ff11\" data-element_type=\"widget\" data-e-type=\"widget\" data-widget_type=\"image.default\">\n\t\t\t\t\t\t\t\t\t\t\t\t\t\t\t<img fetchpriority=\"high\" decoding=\"async\" width=\"1600\" height=\"1067\" src=\"https:\/\/bizian.es\/wp-content\/uploads\/2026\/04\/imgi_216_E1034JOX.jpg\" class=\"attachment-full size-full wp-image-704\" alt=\"\" srcset=\"https:\/\/bizian.es\/wp-content\/uploads\/2026\/04\/imgi_216_E1034JOX.jpg 1600w, https:\/\/bizian.es\/wp-content\/uploads\/2026\/04\/imgi_216_E1034JOX-300x200.jpg 300w, https:\/\/bizian.es\/wp-content\/uploads\/2026\/04\/imgi_216_E1034JOX-1024x683.jpg 1024w, https:\/\/bizian.es\/wp-content\/uploads\/2026\/04\/imgi_216_E1034JOX-768x512.jpg 768w, https:\/\/bizian.es\/wp-content\/uploads\/2026\/04\/imgi_216_E1034JOX-1536x1024.jpg 1536w, https:\/\/bizian.es\/wp-content\/uploads\/2026\/04\/imgi_216_E1034JOX-18x12.jpg 18w\" sizes=\"(max-width: 1600px) 100vw, 1600px\" \/>\t\t\t\t\t\t\t\t\t\t\t\t\t\t\t<\/div>\n\t\t\t\t<\/div>\n\t\t\t\t\t<\/div>\n\t\t\t\t<\/div>\n\t\t<div class=\"elementor-element elementor-element-799d992 e-flex e-con-boxed e-con e-parent\" data-id=\"799d992\" data-element_type=\"container\" data-e-type=\"container\" data-settings=\"{&quot;background_background&quot;:&quot;classic&quot;}\">\n\t\t\t\t\t<div class=\"e-con-inner\">\n\t\t<div class=\"elementor-element elementor-element-cbae977 e-con-full e-flex e-con e-child\" data-id=\"cbae977\" data-element_type=\"container\" data-e-type=\"container\">\n\t\t\t\t<div class=\"elementor-element elementor-element-2f349ab elementor-widget elementor-widget-eael-feature-list\" data-id=\"2f349ab\" data-element_type=\"widget\" data-e-type=\"widget\" data-widget_type=\"eael-feature-list.default\">\n\t\t\t\t\t\t\t<div class=\"-icon-position-left -tablet-icon-position-left -mobile-icon-position-left\">\n\t\t\t<ul id=\"eael-feature-list-2f349ab\" class=\"eael-feature-list-items circle stacked  eael-feature-list-vertical\" data-layout-tablet=\"vertical\" data-layout-mobile=\"vertical\">\n\t\t\t                <li class=\"eael-feature-list-item elementor-repeater-item-657ff12\">\n                    \n\t\t\t\t\t\t<div class=\"eael-feature-list-icon-box\">\n\t\t\t\t\t\t\t<div class=\"eael-feature-list-icon-inner\">\n\n\t\t\t\t\t\t\t\t<span class=\"eael-feature-list-icon fl-icon-0\">\n\n\t\t<svg aria-hidden=\"true\" class=\"e-font-icon-svg e-fas-check\" viewbox=\"0 0 512 512\" xmlns=\"http:\/\/www.w3.org\/2000\/svg\"><path d=\"M173.898 439.404l-166.4-166.4c-9.997-9.997-9.997-26.206 0-36.204l36.203-36.204c9.997-9.998 26.207-9.998 36.204 0L192 312.69 432.095 72.596c9.997-9.997 26.207-9.997 36.204 0l36.203 36.204c9.997 9.997 9.997 26.206 0 36.204l-294.4 294.401c-9.998 9.997-26.207 9.997-36.204-.001z\"><\/path><\/svg>\t\t\t\t\t\t\t\t<\/span>\n\t\t\t\t\t\t\t<\/div>\n\t\t\t\t\t\t<\/div>\n\t\t\t\t\t\t<div class=\"eael-feature-list-content-box\">\n                            <h2 class=\"eael-feature-list-title\">Asesoramiento para determinar los propios puntos d\u00e9biles.<\/h2>\t\t\t\t\t\t<p class=\"eael-feature-list-content\"><\/p>\n\t\t\t\t\t\t<\/div>\n\n\t\t\t\t\t<\/li>\n\t\t\t\t                <li class=\"eael-feature-list-item elementor-repeater-item-9dae4f4\">\n                    \n\t\t\t\t\t\t<div class=\"eael-feature-list-icon-box\">\n\t\t\t\t\t\t\t<div class=\"eael-feature-list-icon-inner\">\n\n\t\t\t\t\t\t\t\t<span class=\"eael-feature-list-icon fl-icon-1\">\n\n\t\t<svg aria-hidden=\"true\" class=\"e-font-icon-svg e-fas-check\" viewbox=\"0 0 512 512\" xmlns=\"http:\/\/www.w3.org\/2000\/svg\"><path d=\"M173.898 439.404l-166.4-166.4c-9.997-9.997-9.997-26.206 0-36.204l36.203-36.204c9.997-9.998 26.207-9.998 36.204 0L192 312.69 432.095 72.596c9.997-9.997 26.207-9.997 36.204 0l36.203 36.204c9.997 9.997 9.997 26.206 0 36.204l-294.4 294.401c-9.998 9.997-26.207 9.997-36.204-.001z\"><\/path><\/svg>\t\t\t\t\t\t\t\t<\/span>\n\t\t\t\t\t\t\t<\/div>\n\t\t\t\t\t\t<\/div>\n\t\t\t\t\t\t<div class=\"eael-feature-list-content-box\">\n                            <h2 class=\"eael-feature-list-title\">Nociones b\u00e1sicas de anatom\u00eda y fisiolog\u00eda para una correcta posici\u00f3n de las curvaturas vertebrales, movimientos articulares, etc.<\/h2>\t\t\t\t\t\t<p class=\"eael-feature-list-content\"><\/p>\n\t\t\t\t\t\t<\/div>\n\n\t\t\t\t\t<\/li>\n\t\t\t\t                <li class=\"eael-feature-list-item elementor-repeater-item-0a165a5\">\n                    \n\t\t\t\t\t\t<div class=\"eael-feature-list-icon-box\">\n\t\t\t\t\t\t\t<div class=\"eael-feature-list-icon-inner\">\n\n\t\t\t\t\t\t\t\t<span class=\"eael-feature-list-icon fl-icon-2\">\n\n\t\t<svg aria-hidden=\"true\" class=\"e-font-icon-svg e-fas-check\" viewbox=\"0 0 512 512\" xmlns=\"http:\/\/www.w3.org\/2000\/svg\"><path d=\"M173.898 439.404l-166.4-166.4c-9.997-9.997-9.997-26.206 0-36.204l36.203-36.204c9.997-9.998 26.207-9.998 36.204 0L192 312.69 432.095 72.596c9.997-9.997 26.207-9.997 36.204 0l36.203 36.204c9.997 9.997 9.997 26.206 0 36.204l-294.4 294.401c-9.998 9.997-26.207 9.997-36.204-.001z\"><\/path><\/svg>\t\t\t\t\t\t\t\t<\/span>\n\t\t\t\t\t\t\t<\/div>\n\t\t\t\t\t\t<\/div>\n\t\t\t\t\t\t<div class=\"eael-feature-list-content-box\">\n                            <h2 class=\"eael-feature-list-title\">Gesti\u00f3n de la respiraci\u00f3n.<\/h2>\t\t\t\t\t\t<p class=\"eael-feature-list-content\"><\/p>\n\t\t\t\t\t\t<\/div>\n\n\t\t\t\t\t<\/li>\n\t\t\t\t                <li class=\"eael-feature-list-item elementor-repeater-item-5d17672\">\n                    \n\t\t\t\t\t\t<div class=\"eael-feature-list-icon-box\">\n\t\t\t\t\t\t\t<div class=\"eael-feature-list-icon-inner\">\n\n\t\t\t\t\t\t\t\t<span class=\"eael-feature-list-icon fl-icon-3\">\n\n\t\t<svg aria-hidden=\"true\" class=\"e-font-icon-svg e-fas-check\" viewbox=\"0 0 512 512\" xmlns=\"http:\/\/www.w3.org\/2000\/svg\"><path d=\"M173.898 439.404l-166.4-166.4c-9.997-9.997-9.997-26.206 0-36.204l36.203-36.204c9.997-9.998 26.207-9.998 36.204 0L192 312.69 432.095 72.596c9.997-9.997 26.207-9.997 36.204 0l36.203 36.204c9.997 9.997 9.997 26.206 0 36.204l-294.4 294.401c-9.998 9.997-26.207 9.997-36.204-.001z\"><\/path><\/svg>\t\t\t\t\t\t\t\t<\/span>\n\t\t\t\t\t\t\t<\/div>\n\t\t\t\t\t\t<\/div>\n\t\t\t\t\t\t<div class=\"eael-feature-list-content-box\">\n                            <h2 class=\"eael-feature-list-title\">Correcta utilizaci\u00f3n de la fuerza muscular aplicando \"la tensi\u00f3n exacta en el momento exacto en el lugar exacto\", y as\u00ed poder conseguir un movimiento arm\u00f3nico del m\u00fasico con su instrumento.<\/h2>\t\t\t\t\t\t<p class=\"eael-feature-list-content\"><\/p>\n\t\t\t\t\t\t<\/div>\n\n\t\t\t\t\t<\/li>\n\t\t\t\t\t\t\t<\/ul>\n\t\t<\/div>\n\t\t\t\t\t\t<\/div>\n\t\t\t\t<\/div>\n\t\t\t\t\t<\/div>\n\t\t\t\t<\/div>\n\t\t\t\t<\/div>","protected":false},"excerpt":{"rendered":"<p>Posturas de m\u00fasicos An\u00e1lisis de la situaci\u00f3n en que se encuentra el m\u00fasico, seg\u00fan los distintos s\u00edntomas que presenta en su organismo estructural y anomal\u00edas funcionales con dolor, fatigas, tendinitis, contracturas, sobrecargas posturales, etc. Diagn\u00f3stico: estudio del origen y posibles causas de las lesiones. Localizaci\u00f3n y determinaci\u00f3n del problema. Planificaci\u00f3n del tratamiento adecuado para la [&hellip;]<\/p>\n","protected":false},"author":1,"featured_media":0,"parent":0,"menu_order":0,"comment_status":"closed","ping_status":"closed","template":"elementor_canvas","meta":{"footnotes":""},"class_list":["post-599","page","type-page","status-publish","hentry"],"yoast_head":"<!-- This site is optimized with the Yoast SEO plugin v27.5 - https:\/\/yoast.com\/product\/yoast-seo-wordpress\/ -->\n<title>Posturas de m\u00fasicos - bizian<\/title>\n<meta name=\"robots\" content=\"index, follow, max-snippet:-1, max-image-preview:large, max-video-preview:-1\" \/>\n<link rel=\"canonical\" href=\"https:\/\/bizian.es\/eu\/posturas-de-musicos\/\" \/>\n<meta property=\"og:locale\" content=\"en_US\" \/>\n<meta property=\"og:type\" content=\"article\" \/>\n<meta property=\"og:title\" content=\"Posturas de m\u00fasicos - bizian\" \/>\n<meta property=\"og:description\" content=\"Posturas de m\u00fasicos An\u00e1lisis de la situaci\u00f3n en que se encuentra el m\u00fasico, seg\u00fan los distintos s\u00edntomas que presenta en su organismo estructural y anomal\u00edas funcionales con dolor, fatigas, tendinitis, contracturas, sobrecargas posturales, etc. Diagn\u00f3stico: estudio del origen y posibles causas de las lesiones. Localizaci\u00f3n y determinaci\u00f3n del problema. Planificaci\u00f3n del tratamiento adecuado para la [&hellip;]\" \/>\n<meta property=\"og:url\" content=\"https:\/\/bizian.es\/eu\/posturas-de-musicos\/\" \/>\n<meta property=\"og:site_name\" content=\"bizian\" \/>\n<meta property=\"article:modified_time\" content=\"2026-04-24T10:47:50+00:00\" \/>\n<meta property=\"og:image\" content=\"https:\/\/bizian.es\/wp-content\/uploads\/2026\/04\/imgi_216_E1034JOX.jpg\" \/>\n<meta name=\"twitter:card\" content=\"summary_large_image\" \/>\n<meta name=\"twitter:label1\" content=\"Est. reading time\" \/>\n\t<meta name=\"twitter:data1\" content=\"1 minutua\" \/>\n<script type=\"application\/ld+json\" class=\"yoast-schema-graph\">{\"@context\":\"https:\\\/\\\/schema.org\",\"@graph\":[{\"@type\":\"WebPage\",\"@id\":\"https:\\\/\\\/bizian.es\\\/posturas-de-musicos\\\/\",\"url\":\"https:\\\/\\\/bizian.es\\\/posturas-de-musicos\\\/\",\"name\":\"Posturas de m\u00fasicos - bizian\",\"isPartOf\":{\"@id\":\"https:\\\/\\\/bizian.es\\\/#website\"},\"primaryImageOfPage\":{\"@id\":\"https:\\\/\\\/bizian.es\\\/posturas-de-musicos\\\/#primaryimage\"},\"image\":{\"@id\":\"https:\\\/\\\/bizian.es\\\/posturas-de-musicos\\\/#primaryimage\"},\"thumbnailUrl\":\"https:\\\/\\\/bizian.es\\\/wp-content\\\/uploads\\\/2026\\\/04\\\/imgi_216_E1034JOX.jpg\",\"datePublished\":\"2026-04-24T09:27:11+00:00\",\"dateModified\":\"2026-04-24T10:47:50+00:00\",\"breadcrumb\":{\"@id\":\"https:\\\/\\\/bizian.es\\\/posturas-de-musicos\\\/#breadcrumb\"},\"inLanguage\":\"eu\",\"potentialAction\":[{\"@type\":\"ReadAction\",\"target\":[\"https:\\\/\\\/bizian.es\\\/posturas-de-musicos\\\/\"]}]},{\"@type\":\"ImageObject\",\"inLanguage\":\"eu\",\"@id\":\"https:\\\/\\\/bizian.es\\\/posturas-de-musicos\\\/#primaryimage\",\"url\":\"https:\\\/\\\/bizian.es\\\/wp-content\\\/uploads\\\/2026\\\/04\\\/imgi_216_E1034JOX.jpg\",\"contentUrl\":\"https:\\\/\\\/bizian.es\\\/wp-content\\\/uploads\\\/2026\\\/04\\\/imgi_216_E1034JOX.jpg\"},{\"@type\":\"BreadcrumbList\",\"@id\":\"https:\\\/\\\/bizian.es\\\/posturas-de-musicos\\\/#breadcrumb\",\"itemListElement\":[{\"@type\":\"ListItem\",\"position\":1,\"name\":\"Portada\",\"item\":\"https:\\\/\\\/bizian.es\\\/\"},{\"@type\":\"ListItem\",\"position\":2,\"name\":\"Posturas de m\u00fasicos\"}]},{\"@type\":\"WebSite\",\"@id\":\"https:\\\/\\\/bizian.es\\\/#website\",\"url\":\"https:\\\/\\\/bizian.es\\\/\",\"name\":\"bizian\",\"description\":\"\",\"publisher\":{\"@id\":\"https:\\\/\\\/bizian.es\\\/#organization\"},\"potentialAction\":[{\"@type\":\"SearchAction\",\"target\":{\"@type\":\"EntryPoint\",\"urlTemplate\":\"https:\\\/\\\/bizian.es\\\/?s={search_term_string}\"},\"query-input\":{\"@type\":\"PropertyValueSpecification\",\"valueRequired\":true,\"valueName\":\"search_term_string\"}}],\"inLanguage\":\"eu\"},{\"@type\":\"Organization\",\"@id\":\"https:\\\/\\\/bizian.es\\\/#organization\",\"name\":\"bizian\",\"url\":\"https:\\\/\\\/bizian.es\\\/\",\"logo\":{\"@type\":\"ImageObject\",\"inLanguage\":\"eu\",\"@id\":\"https:\\\/\\\/bizian.es\\\/#\\\/schema\\\/logo\\\/image\\\/\",\"url\":\"https:\\\/\\\/bizian.es\\\/wp-content\\\/uploads\\\/2026\\\/04\\\/imgi_29_bizian-logo.png\",\"contentUrl\":\"https:\\\/\\\/bizian.es\\\/wp-content\\\/uploads\\\/2026\\\/04\\\/imgi_29_bizian-logo.png\",\"width\":235,\"height\":127,\"caption\":\"bizian\"},\"image\":{\"@id\":\"https:\\\/\\\/bizian.es\\\/#\\\/schema\\\/logo\\\/image\\\/\"}}]}<\/script>\n<!-- \/ Yoast SEO plugin. -->","yoast_head_json":{"title":"Posturas de m\u00fasicos - bizian","robots":{"index":"index","follow":"follow","max-snippet":"max-snippet:-1","max-image-preview":"max-image-preview:large","max-video-preview":"max-video-preview:-1"},"canonical":"https:\/\/bizian.es\/eu\/posturas-de-musicos\/","og_locale":"en_US","og_type":"article","og_title":"Posturas de m\u00fasicos - bizian","og_description":"Posturas de m\u00fasicos An\u00e1lisis de la situaci\u00f3n en que se encuentra el m\u00fasico, seg\u00fan los distintos s\u00edntomas que presenta en su organismo estructural y anomal\u00edas funcionales con dolor, fatigas, tendinitis, contracturas, sobrecargas posturales, etc. Diagn\u00f3stico: estudio del origen y posibles causas de las lesiones. Localizaci\u00f3n y determinaci\u00f3n del problema. Planificaci\u00f3n del tratamiento adecuado para la [&hellip;]","og_url":"https:\/\/bizian.es\/eu\/posturas-de-musicos\/","og_site_name":"bizian","article_modified_time":"2026-04-24T10:47:50+00:00","og_image":[{"url":"https:\/\/bizian.es\/wp-content\/uploads\/2026\/04\/imgi_216_E1034JOX.jpg","type":"","width":"","height":""}],"twitter_card":"summary_large_image","twitter_misc":{"Est. reading time":"1 minutua"},"schema":{"@context":"https:\/\/schema.org","@graph":[{"@type":"WebPage","@id":"https:\/\/bizian.es\/posturas-de-musicos\/","url":"https:\/\/bizian.es\/posturas-de-musicos\/","name":"Posturas de m\u00fasicos - bizian","isPartOf":{"@id":"https:\/\/bizian.es\/#website"},"primaryImageOfPage":{"@id":"https:\/\/bizian.es\/posturas-de-musicos\/#primaryimage"},"image":{"@id":"https:\/\/bizian.es\/posturas-de-musicos\/#primaryimage"},"thumbnailUrl":"https:\/\/bizian.es\/wp-content\/uploads\/2026\/04\/imgi_216_E1034JOX.jpg","datePublished":"2026-04-24T09:27:11+00:00","dateModified":"2026-04-24T10:47:50+00:00","breadcrumb":{"@id":"https:\/\/bizian.es\/posturas-de-musicos\/#breadcrumb"},"inLanguage":"eu","potentialAction":[{"@type":"ReadAction","target":["https:\/\/bizian.es\/posturas-de-musicos\/"]}]},{"@type":"ImageObject","inLanguage":"eu","@id":"https:\/\/bizian.es\/posturas-de-musicos\/#primaryimage","url":"https:\/\/bizian.es\/wp-content\/uploads\/2026\/04\/imgi_216_E1034JOX.jpg","contentUrl":"https:\/\/bizian.es\/wp-content\/uploads\/2026\/04\/imgi_216_E1034JOX.jpg"},{"@type":"BreadcrumbList","@id":"https:\/\/bizian.es\/posturas-de-musicos\/#breadcrumb","itemListElement":[{"@type":"ListItem","position":1,"name":"Portada","item":"https:\/\/bizian.es\/"},{"@type":"ListItem","position":2,"name":"Posturas de m\u00fasicos"}]},{"@type":"WebSite","@id":"https:\/\/bizian.es\/#website","url":"https:\/\/bizian.es\/","name":"bizian","description":"","publisher":{"@id":"https:\/\/bizian.es\/#organization"},"potentialAction":[{"@type":"SearchAction","target":{"@type":"EntryPoint","urlTemplate":"https:\/\/bizian.es\/?s={search_term_string}"},"query-input":{"@type":"PropertyValueSpecification","valueRequired":true,"valueName":"search_term_string"}}],"inLanguage":"eu"},{"@type":"Organization","@id":"https:\/\/bizian.es\/#organization","name":"bizian","url":"https:\/\/bizian.es\/","logo":{"@type":"ImageObject","inLanguage":"eu","@id":"https:\/\/bizian.es\/#\/schema\/logo\/image\/","url":"https:\/\/bizian.es\/wp-content\/uploads\/2026\/04\/imgi_29_bizian-logo.png","contentUrl":"https:\/\/bizian.es\/wp-content\/uploads\/2026\/04\/imgi_29_bizian-logo.png","width":235,"height":127,"caption":"bizian"},"image":{"@id":"https:\/\/bizian.es\/#\/schema\/logo\/image\/"}}]}},"_links":{"self":[{"href":"https:\/\/bizian.es\/eu\/wp-json\/wp\/v2\/pages\/599","targetHints":{"allow":["GET"]}}],"collection":[{"href":"https:\/\/bizian.es\/eu\/wp-json\/wp\/v2\/pages"}],"about":[{"href":"https:\/\/bizian.es\/eu\/wp-json\/wp\/v2\/types\/page"}],"author":[{"embeddable":true,"href":"https:\/\/bizian.es\/eu\/wp-json\/wp\/v2\/users\/1"}],"replies":[{"embeddable":true,"href":"https:\/\/bizian.es\/eu\/wp-json\/wp\/v2\/comments?post=599"}],"version-history":[{"count":37,"href":"https:\/\/bizian.es\/eu\/wp-json\/wp\/v2\/pages\/599\/revisions"}],"predecessor-version":[{"id":812,"href":"https:\/\/bizian.es\/eu\/wp-json\/wp\/v2\/pages\/599\/revisions\/812"}],"wp:attachment":[{"href":"https:\/\/bizian.es\/eu\/wp-json\/wp\/v2\/media?parent=599"}],"curies":[{"name":"wp","href":"https:\/\/api.w.org\/{rel}","templated":true}]}}