{"id":432,"date":"2026-04-24T08:29:19","date_gmt":"2026-04-24T08:29:19","guid":{"rendered":"https:\/\/bizian.rkinformatika.online\/?page_id=432"},"modified":"2026-04-24T11:30:33","modified_gmt":"2026-04-24T11:30:33","slug":"posturologia-clinica","status":"publish","type":"page","link":"https:\/\/bizian.es\/eu\/posturologia-clinica\/","title":{"rendered":"Posturolog\u00eda cl\u00ednica"},"content":{"rendered":"<div data-elementor-type=\"wp-page\" data-elementor-id=\"432\" class=\"elementor elementor-432\" data-elementor-post-type=\"page\">\n\t\t\t\t<div class=\"elementor-element elementor-element-ca6fc9d e-flex e-con-boxed e-con e-parent\" data-id=\"ca6fc9d\" data-element_type=\"container\" data-e-type=\"container\" data-settings=\"{&quot;background_background&quot;:&quot;classic&quot;}\">\n\t\t\t\t\t<div class=\"e-con-inner\">\n\t\t\t\t\t<\/div>\n\t\t\t\t<\/div>\n\t\t<div class=\"elementor-element elementor-element-72c7b6f e-flex e-con-boxed e-con e-parent\" data-id=\"72c7b6f\" data-element_type=\"container\" data-e-type=\"container\" data-settings=\"{&quot;background_background&quot;:&quot;classic&quot;}\">\n\t\t\t\t\t<div class=\"e-con-inner\">\n\t\t\t\t<div class=\"elementor-element elementor-element-3a2cb25 elementor-widget elementor-widget-heading\" data-id=\"3a2cb25\" data-element_type=\"widget\" data-e-type=\"widget\" data-widget_type=\"heading.default\">\n\t\t\t\t\t<h2 class=\"elementor-heading-title elementor-size-default\">Posturolog\u00eda cl\u00ednica<\/h2>\t\t\t\t<\/div>\n\t\t\t\t\t<\/div>\n\t\t\t\t<\/div>\n\t\t<div class=\"elementor-element elementor-element-09d16b5 e-flex e-con-boxed e-con e-parent\" data-id=\"09d16b5\" data-element_type=\"container\" data-e-type=\"container\">\n\t\t\t\t\t<div class=\"e-con-inner\">\n\t\t<div class=\"elementor-element elementor-element-baae887 e-con-full e-flex e-con e-child\" data-id=\"baae887\" data-element_type=\"container\" data-e-type=\"container\">\n\t\t\t\t<div class=\"elementor-element elementor-element-d325ae1 elementor-widget elementor-widget-text-editor\" data-id=\"d325ae1\" data-element_type=\"widget\" data-e-type=\"widget\" data-widget_type=\"text-editor.default\">\n\t\t\t\t\t\t\t\t\t<p>La Posturolog\u00eda es la disciplina que estudia la capacidad que tiene el cuerpo de responder autom\u00e1ticamente ante cualquier cambio producido en el entorno donde se desenvuelve.<\/p><p>El cuerpo utiliza una serie de captores (a trav\u00e9s de los ojos, de los pies o del o\u00eddo) que env\u00edan al cerebro la informaci\u00f3n de lo que ocurre a su alrededor, el sistema nervioso central procesa todos estos datos y genera una respuesta autom\u00e1tica para lograr el equilibrio postural.<\/p><p>Unas gafas mal colocadas, el uso de un calzado inadecuado, (calzado blando, tacones, plataformas) o un tratamiento corrector de ortodoncia generar\u00e1n sobretensiones y pueden favorecer la aparici\u00f3n de cefaleas y v\u00e9rtigos, de ci\u00e1ticas o de sobrecargas musculares en el tronco y las extremidades.<\/p><p>Una persona se sostiene de pie autom\u00e1ticamente gracias a un sistema de control muy sensible que capta la menor variaci\u00f3n de posici\u00f3n del cuerpo con referencia a su entorno. Para esto, utiliza captores que mandan la informaci\u00f3n al cerebro sobre lo que ocurre en el exterior (exterocaptores) y en el interior del propio cuerpo (endocaptores).<\/p><p>Posteriormente, es el Sistema Nervioso Central el que elabora las respuestas oportunas para conseguir el tono muscular necesario, de tal forma que todos sus \u00f3rganos y sistemas funcionen equilibrados e interrelacionados entre s\u00ed.<\/p><p>En caso de que los receptores principales est\u00e9n alterados y env\u00eden informaci\u00f3n incorrecta se generar\u00e1 una adaptaci\u00f3n postural negativa que acabar\u00e1 por desarrollar una patolog\u00eda postural. Dicha patolog\u00eda podr\u00e1 afectar a los diferentes sistemas del cuerpo:<\/p>\t\t\t\t\t\t\t\t<\/div>\n\t\t\t\t<\/div>\n\t\t<div class=\"elementor-element elementor-element-ba1c421 e-con-full e-flex e-con e-child\" data-id=\"ba1c421\" data-element_type=\"container\" data-e-type=\"container\">\n\t\t\t\t<div class=\"elementor-element elementor-element-e12611d elementor-widget elementor-widget-image\" data-id=\"e12611d\" data-element_type=\"widget\" data-e-type=\"widget\" data-widget_type=\"image.default\">\n\t\t\t\t\t\t\t\t\t\t\t\t\t\t\t<img fetchpriority=\"high\" decoding=\"async\" width=\"800\" height=\"800\" src=\"https:\/\/bizian.es\/wp-content\/uploads\/2026\/04\/imgi_148_E109NGI8-1024x1024.jpg\" class=\"attachment-large size-large wp-image-562\" alt=\"\" srcset=\"https:\/\/bizian.es\/wp-content\/uploads\/2026\/04\/imgi_148_E109NGI8-1024x1024.jpg 1024w, https:\/\/bizian.es\/wp-content\/uploads\/2026\/04\/imgi_148_E109NGI8-300x300.jpg 300w, https:\/\/bizian.es\/wp-content\/uploads\/2026\/04\/imgi_148_E109NGI8-150x150.jpg 150w, https:\/\/bizian.es\/wp-content\/uploads\/2026\/04\/imgi_148_E109NGI8-768x768.jpg 768w, https:\/\/bizian.es\/wp-content\/uploads\/2026\/04\/imgi_148_E109NGI8-1536x1536.jpg 1536w, https:\/\/bizian.es\/wp-content\/uploads\/2026\/04\/imgi_148_E109NGI8-12x12.jpg 12w, https:\/\/bizian.es\/wp-content\/uploads\/2026\/04\/imgi_148_E109NGI8.jpg 1600w\" sizes=\"(max-width: 800px) 100vw, 800px\" \/>\t\t\t\t\t\t\t\t\t\t\t\t\t\t\t<\/div>\n\t\t\t\t<\/div>\n\t\t\t\t\t<\/div>\n\t\t\t\t<\/div>\n\t\t<div class=\"elementor-element elementor-element-9ecbc88 e-flex e-con-boxed e-con e-parent\" data-id=\"9ecbc88\" data-element_type=\"container\" data-e-type=\"container\" data-settings=\"{&quot;background_background&quot;:&quot;classic&quot;}\">\n\t\t\t\t\t<div class=\"e-con-inner\">\n\t\t<div class=\"elementor-element elementor-element-6794a01 e-con-full e-flex e-con e-child\" data-id=\"6794a01\" data-element_type=\"container\" data-e-type=\"container\">\n\t\t\t\t<div class=\"elementor-element elementor-element-40bb5e6 e-n-tabs-mobile elementor-widget elementor-widget-n-tabs\" data-id=\"40bb5e6\" data-element_type=\"widget\" data-e-type=\"widget\" data-settings=\"{&quot;tabs_justify_horizontal&quot;:&quot;center&quot;,&quot;horizontal_scroll&quot;:&quot;disable&quot;}\" data-widget_type=\"nested-tabs.default\">\n\t\t\t\t\t\t\t<div class=\"e-n-tabs\" data-widget-number=\"67876326\" aria-label=\"Pesta\u00f1as. Abre elementos con Intro o Espacio, ci\u00e9rralos con Escape y navega con las fechas.\">\n\t\t\t<div class=\"e-n-tabs-heading\" role=\"tablist\">\n\t\t\t\t\t<button id=\"e-n-tab-title-678763261\" data-tab-title-id=\"e-n-tab-title-678763261\" class=\"e-n-tab-title\" aria-selected=\"true\" data-tab-index=\"1\" role=\"tab\" tabindex=\"0\" aria-controls=\"e-n-tab-content-678763261\" style=\"--n-tabs-title-order: 1;\">\n\t\t\t\t\t\t<span class=\"e-n-tab-title-text\">\n\t\t\t\tSistema nervioso\t\t\t<\/span>\n\t\t<\/button>\n\t\t\t\t<button id=\"e-n-tab-title-678763262\" data-tab-title-id=\"e-n-tab-title-678763262\" class=\"e-n-tab-title\" aria-selected=\"false\" data-tab-index=\"2\" role=\"tab\" tabindex=\"-1\" aria-controls=\"e-n-tab-content-678763262\" style=\"--n-tabs-title-order: 2;\">\n\t\t\t\t\t\t<span class=\"e-n-tab-title-text\">\n\t\t\t\tSistema nervioso\t\t\t<\/span>\n\t\t<\/button>\n\t\t\t\t<button id=\"e-n-tab-title-678763263\" data-tab-title-id=\"e-n-tab-title-678763263\" class=\"e-n-tab-title\" aria-selected=\"false\" data-tab-index=\"3\" role=\"tab\" tabindex=\"-1\" aria-controls=\"e-n-tab-content-678763263\" style=\"--n-tabs-title-order: 3;\">\n\t\t\t\t\t\t<span class=\"e-n-tab-title-text\">\n\t\t\t\tSistema visceral\t\t\t<\/span>\n\t\t<\/button>\n\t\t\t\t\t<\/div>\n\t\t\t<div class=\"e-n-tabs-content\">\n\t\t\t\t<div id=\"e-n-tab-content-678763261\" role=\"tabpanel\" aria-labelledby=\"e-n-tab-title-678763261\" data-tab-index=\"1\" style=\"--n-tabs-title-order: 1;\" class=\"e-active elementor-element elementor-element-8129d66 e-con-full e-flex e-con e-child\" data-id=\"8129d66\" data-element_type=\"container\" data-e-type=\"container\">\n\t\t\t\t<div class=\"elementor-element elementor-element-40f5f1e elementor-icon-list--layout-traditional elementor-list-item-link-full_width elementor-widget elementor-widget-icon-list\" data-id=\"40f5f1e\" data-element_type=\"widget\" data-e-type=\"widget\" data-widget_type=\"icon-list.default\">\n\t\t\t\t\t\t\t<ul class=\"elementor-icon-list-items\">\n\t\t\t\t\t\t\t<li class=\"elementor-icon-list-item\">\n\t\t\t\t\t\t\t\t\t\t\t<span class=\"elementor-icon-list-icon\">\n\t\t\t\t\t\t\t<svg aria-hidden=\"true\" class=\"e-font-icon-svg e-fas-check\" viewbox=\"0 0 512 512\" xmlns=\"http:\/\/www.w3.org\/2000\/svg\"><path d=\"M173.898 439.404l-166.4-166.4c-9.997-9.997-9.997-26.206 0-36.204l36.203-36.204c9.997-9.998 26.207-9.998 36.204 0L192 312.69 432.095 72.596c9.997-9.997 26.207-9.997 36.204 0l36.203 36.204c9.997 9.997 9.997 26.206 0 36.204l-294.4 294.401c-9.998 9.997-26.207 9.997-36.204-.001z\"><\/path><\/svg>\t\t\t\t\t\t<\/span>\n\t\t\t\t\t\t\t\t\t\t<span class=\"elementor-icon-list-text\">Sistema m\u00fasculo-esquel\u00e9tico: Los principales problemas vienen derivados del hiper y del hipotono que se genera a nivel neuromuscular, lo cual dar\u00e1 lugar a problemas de sobrecarga (contracturas) o debilidad muscular. Este desequilibrio entre m\u00fasculos demasiado fuertes y m\u00fasculos d\u00e9biles hace que la estructura \u00f3sea (huesos y articulaciones) terminen por deformarse y favorezcan una patolog\u00eda articular (a nivel del raquis nos encontraremos con escoliosis, hiperlordosis o cifosis, y en las extremidades descentrajes o subluxaciones articulares).<\/span>\n\t\t\t\t\t\t\t\t\t<\/li>\n\t\t\t\t\t\t<\/ul>\n\t\t\t\t\t\t<\/div>\n\t\t\t\t<\/div>\n\t\t<div id=\"e-n-tab-content-678763262\" role=\"tabpanel\" aria-labelledby=\"e-n-tab-title-678763262\" data-tab-index=\"2\" style=\"--n-tabs-title-order: 2;\" class=\"elementor-element elementor-element-2069b64 e-con-full e-flex e-con e-child\" data-id=\"2069b64\" data-element_type=\"container\" data-e-type=\"container\">\n\t\t\t\t<div class=\"elementor-element elementor-element-e70f58b elementor-icon-list--layout-traditional elementor-list-item-link-full_width elementor-widget elementor-widget-icon-list\" data-id=\"e70f58b\" data-element_type=\"widget\" data-e-type=\"widget\" data-widget_type=\"icon-list.default\">\n\t\t\t\t\t\t\t<ul class=\"elementor-icon-list-items\">\n\t\t\t\t\t\t\t<li class=\"elementor-icon-list-item\">\n\t\t\t\t\t\t\t\t\t\t\t<span class=\"elementor-icon-list-icon\">\n\t\t\t\t\t\t\t<svg aria-hidden=\"true\" class=\"e-font-icon-svg e-fas-check\" viewbox=\"0 0 512 512\" xmlns=\"http:\/\/www.w3.org\/2000\/svg\"><path d=\"M173.898 439.404l-166.4-166.4c-9.997-9.997-9.997-26.206 0-36.204l36.203-36.204c9.997-9.998 26.207-9.998 36.204 0L192 312.69 432.095 72.596c9.997-9.997 26.207-9.997 36.204 0l36.203 36.204c9.997 9.997 9.997 26.206 0 36.204l-294.4 294.401c-9.998 9.997-26.207 9.997-36.204-.001z\"><\/path><\/svg>\t\t\t\t\t\t<\/span>\n\t\t\t\t\t\t\t\t\t\t<span class=\"elementor-icon-list-text\">Sistema nervioso: El sistema nervioso perif\u00e9rico recorre todo el cuerpo, por tanto, cualquier tipo de tensi\u00f3n a su alrededor o directamente un atrapamiento en \u00e9ste, puede generar neuropat\u00edas perif\u00e9ricas que afecten a la parte sensitiva (falta de sensibilidad en la zona, pesadez, hormigueo,...) y motora (debilidad y atrofia muscular) del nervio.<\/span>\n\t\t\t\t\t\t\t\t\t<\/li>\n\t\t\t\t\t\t<\/ul>\n\t\t\t\t\t\t<\/div>\n\t\t\t\t<\/div>\n\t\t<div id=\"e-n-tab-content-678763263\" role=\"tabpanel\" aria-labelledby=\"e-n-tab-title-678763263\" data-tab-index=\"3\" style=\"--n-tabs-title-order: 3;\" class=\"elementor-element elementor-element-4c66602 e-con-full e-flex e-con e-child\" data-id=\"4c66602\" data-element_type=\"container\" data-e-type=\"container\">\n\t\t\t\t<div class=\"elementor-element elementor-element-08a96dd elementor-icon-list--layout-traditional elementor-list-item-link-full_width elementor-widget elementor-widget-icon-list\" data-id=\"08a96dd\" data-element_type=\"widget\" data-e-type=\"widget\" data-widget_type=\"icon-list.default\">\n\t\t\t\t\t\t\t<ul class=\"elementor-icon-list-items\">\n\t\t\t\t\t\t\t<li class=\"elementor-icon-list-item\">\n\t\t\t\t\t\t\t\t\t\t\t<span class=\"elementor-icon-list-icon\">\n\t\t\t\t\t\t\t<svg aria-hidden=\"true\" class=\"e-font-icon-svg e-fas-check\" viewbox=\"0 0 512 512\" xmlns=\"http:\/\/www.w3.org\/2000\/svg\"><path d=\"M173.898 439.404l-166.4-166.4c-9.997-9.997-9.997-26.206 0-36.204l36.203-36.204c9.997-9.998 26.207-9.998 36.204 0L192 312.69 432.095 72.596c9.997-9.997 26.207-9.997 36.204 0l36.203 36.204c9.997 9.997 9.997 26.206 0 36.204l-294.4 294.401c-9.998 9.997-26.207 9.997-36.204-.001z\"><\/path><\/svg>\t\t\t\t\t\t<\/span>\n\t\t\t\t\t\t\t\t\t\t<span class=\"elementor-icon-list-text\">Sistema visceral: La movilidad y funcionalidad de los \u00f3rganos internos est\u00e1 muy relacionado con su posici\u00f3n dentro del propio cuerpo y con las tensiones ligamentosas, fasciales y musculares que sufren a su alrededor.<\/span>\n\t\t\t\t\t\t\t\t\t<\/li>\n\t\t\t\t\t\t<\/ul>\n\t\t\t\t\t\t<\/div>\n\t\t\t\t<\/div>\n\t\t\t\t\t<\/div>\n\t\t<\/div>\n\t\t\t\t\t\t<\/div>\n\t\t\t\t<\/div>\n\t\t\t\t\t<\/div>\n\t\t\t\t<\/div>\n\t\t<div class=\"elementor-element elementor-element-9fe72b0 e-flex e-con-boxed e-con e-parent\" data-id=\"9fe72b0\" data-element_type=\"container\" data-e-type=\"container\">\n\t\t\t\t\t<div class=\"e-con-inner\">\n\t\t<div class=\"elementor-element elementor-element-1ed4aa1 e-con-full e-flex e-con e-child\" data-id=\"1ed4aa1\" data-element_type=\"container\" data-e-type=\"container\">\n\t\t\t\t<div class=\"elementor-element elementor-element-e156cfc elementor-widget elementor-widget-image\" data-id=\"e156cfc\" data-element_type=\"widget\" data-e-type=\"widget\" data-widget_type=\"image.default\">\n\t\t\t\t\t\t\t\t\t\t\t\t\t\t\t<img decoding=\"async\" width=\"603\" height=\"344\" src=\"https:\/\/bizian.es\/wp-content\/uploads\/2026\/04\/imgi_55_posturologiaclinica02.jpg\" class=\"attachment-large size-large wp-image-535\" alt=\"\" srcset=\"https:\/\/bizian.es\/wp-content\/uploads\/2026\/04\/imgi_55_posturologiaclinica02.jpg 603w, https:\/\/bizian.es\/wp-content\/uploads\/2026\/04\/imgi_55_posturologiaclinica02-300x171.jpg 300w, https:\/\/bizian.es\/wp-content\/uploads\/2026\/04\/imgi_55_posturologiaclinica02-18x10.jpg 18w\" sizes=\"(max-width: 603px) 100vw, 603px\" \/>\t\t\t\t\t\t\t\t\t\t\t\t\t\t\t<\/div>\n\t\t\t\t<\/div>\n\t\t\t\t\t<\/div>\n\t\t\t\t<\/div>\n\t\t\t\t<\/div>","protected":false},"excerpt":{"rendered":"<p>Posturolog\u00eda cl\u00ednica La Posturolog\u00eda es la disciplina que estudia la capacidad que tiene el cuerpo de responder autom\u00e1ticamente ante cualquier cambio producido en el entorno donde se desenvuelve. El cuerpo utiliza una serie de captores (a trav\u00e9s de los ojos, de los pies o del o\u00eddo) que env\u00edan al cerebro la informaci\u00f3n de lo que [&hellip;]<\/p>\n","protected":false},"author":1,"featured_media":0,"parent":0,"menu_order":0,"comment_status":"closed","ping_status":"closed","template":"elementor_canvas","meta":{"footnotes":""},"class_list":["post-432","page","type-page","status-publish","hentry"],"yoast_head":"<!-- This site is optimized with the Yoast SEO plugin v27.5 - https:\/\/yoast.com\/product\/yoast-seo-wordpress\/ -->\n<title>Posturolog\u00eda cl\u00ednica - bizian<\/title>\n<meta name=\"robots\" content=\"index, follow, max-snippet:-1, max-image-preview:large, max-video-preview:-1\" \/>\n<link rel=\"canonical\" href=\"https:\/\/bizian.es\/eu\/posturologia-clinica\/\" \/>\n<meta property=\"og:locale\" content=\"en_US\" \/>\n<meta property=\"og:type\" content=\"article\" \/>\n<meta property=\"og:title\" content=\"Posturolog\u00eda cl\u00ednica - bizian\" \/>\n<meta property=\"og:description\" content=\"Posturolog\u00eda cl\u00ednica La Posturolog\u00eda es la disciplina que estudia la capacidad que tiene el cuerpo de responder autom\u00e1ticamente ante cualquier cambio producido en el entorno donde se desenvuelve. El cuerpo utiliza una serie de captores (a trav\u00e9s de los ojos, de los pies o del o\u00eddo) que env\u00edan al cerebro la informaci\u00f3n de lo que [&hellip;]\" \/>\n<meta property=\"og:url\" content=\"https:\/\/bizian.es\/eu\/posturologia-clinica\/\" \/>\n<meta property=\"og:site_name\" content=\"bizian\" \/>\n<meta property=\"article:modified_time\" content=\"2026-04-24T11:30:33+00:00\" \/>\n<meta property=\"og:image\" content=\"https:\/\/bizian.es\/wp-content\/uploads\/2026\/04\/imgi_148_E109NGI8-1024x1024.jpg\" \/>\n<meta name=\"twitter:card\" content=\"summary_large_image\" \/>\n<meta name=\"twitter:label1\" content=\"Est. reading time\" \/>\n\t<meta name=\"twitter:data1\" content=\"3 minutua\" \/>\n<script type=\"application\/ld+json\" class=\"yoast-schema-graph\">{\"@context\":\"https:\\\/\\\/schema.org\",\"@graph\":[{\"@type\":\"WebPage\",\"@id\":\"https:\\\/\\\/bizian.es\\\/posturologia-clinica\\\/\",\"url\":\"https:\\\/\\\/bizian.es\\\/posturologia-clinica\\\/\",\"name\":\"Posturolog\u00eda cl\u00ednica - bizian\",\"isPartOf\":{\"@id\":\"https:\\\/\\\/bizian.es\\\/#website\"},\"primaryImageOfPage\":{\"@id\":\"https:\\\/\\\/bizian.es\\\/posturologia-clinica\\\/#primaryimage\"},\"image\":{\"@id\":\"https:\\\/\\\/bizian.es\\\/posturologia-clinica\\\/#primaryimage\"},\"thumbnailUrl\":\"https:\\\/\\\/bizian.es\\\/wp-content\\\/uploads\\\/2026\\\/04\\\/imgi_148_E109NGI8-1024x1024.jpg\",\"datePublished\":\"2026-04-24T08:29:19+00:00\",\"dateModified\":\"2026-04-24T11:30:33+00:00\",\"breadcrumb\":{\"@id\":\"https:\\\/\\\/bizian.es\\\/posturologia-clinica\\\/#breadcrumb\"},\"inLanguage\":\"eu\",\"potentialAction\":[{\"@type\":\"ReadAction\",\"target\":[\"https:\\\/\\\/bizian.es\\\/posturologia-clinica\\\/\"]}]},{\"@type\":\"ImageObject\",\"inLanguage\":\"eu\",\"@id\":\"https:\\\/\\\/bizian.es\\\/posturologia-clinica\\\/#primaryimage\",\"url\":\"https:\\\/\\\/bizian.es\\\/wp-content\\\/uploads\\\/2026\\\/04\\\/imgi_148_E109NGI8-1024x1024.jpg\",\"contentUrl\":\"https:\\\/\\\/bizian.es\\\/wp-content\\\/uploads\\\/2026\\\/04\\\/imgi_148_E109NGI8-1024x1024.jpg\"},{\"@type\":\"BreadcrumbList\",\"@id\":\"https:\\\/\\\/bizian.es\\\/posturologia-clinica\\\/#breadcrumb\",\"itemListElement\":[{\"@type\":\"ListItem\",\"position\":1,\"name\":\"Portada\",\"item\":\"https:\\\/\\\/bizian.es\\\/\"},{\"@type\":\"ListItem\",\"position\":2,\"name\":\"Posturolog\u00eda cl\u00ednica\"}]},{\"@type\":\"WebSite\",\"@id\":\"https:\\\/\\\/bizian.es\\\/#website\",\"url\":\"https:\\\/\\\/bizian.es\\\/\",\"name\":\"bizian\",\"description\":\"\",\"publisher\":{\"@id\":\"https:\\\/\\\/bizian.es\\\/#organization\"},\"potentialAction\":[{\"@type\":\"SearchAction\",\"target\":{\"@type\":\"EntryPoint\",\"urlTemplate\":\"https:\\\/\\\/bizian.es\\\/?s={search_term_string}\"},\"query-input\":{\"@type\":\"PropertyValueSpecification\",\"valueRequired\":true,\"valueName\":\"search_term_string\"}}],\"inLanguage\":\"eu\"},{\"@type\":\"Organization\",\"@id\":\"https:\\\/\\\/bizian.es\\\/#organization\",\"name\":\"bizian\",\"url\":\"https:\\\/\\\/bizian.es\\\/\",\"logo\":{\"@type\":\"ImageObject\",\"inLanguage\":\"eu\",\"@id\":\"https:\\\/\\\/bizian.es\\\/#\\\/schema\\\/logo\\\/image\\\/\",\"url\":\"https:\\\/\\\/bizian.es\\\/wp-content\\\/uploads\\\/2026\\\/04\\\/imgi_29_bizian-logo.png\",\"contentUrl\":\"https:\\\/\\\/bizian.es\\\/wp-content\\\/uploads\\\/2026\\\/04\\\/imgi_29_bizian-logo.png\",\"width\":235,\"height\":127,\"caption\":\"bizian\"},\"image\":{\"@id\":\"https:\\\/\\\/bizian.es\\\/#\\\/schema\\\/logo\\\/image\\\/\"}}]}<\/script>\n<!-- \/ Yoast SEO plugin. -->","yoast_head_json":{"title":"Posturolog\u00eda cl\u00ednica - bizian","robots":{"index":"index","follow":"follow","max-snippet":"max-snippet:-1","max-image-preview":"max-image-preview:large","max-video-preview":"max-video-preview:-1"},"canonical":"https:\/\/bizian.es\/eu\/posturologia-clinica\/","og_locale":"en_US","og_type":"article","og_title":"Posturolog\u00eda cl\u00ednica - bizian","og_description":"Posturolog\u00eda cl\u00ednica La Posturolog\u00eda es la disciplina que estudia la capacidad que tiene el cuerpo de responder autom\u00e1ticamente ante cualquier cambio producido en el entorno donde se desenvuelve. El cuerpo utiliza una serie de captores (a trav\u00e9s de los ojos, de los pies o del o\u00eddo) que env\u00edan al cerebro la informaci\u00f3n de lo que [&hellip;]","og_url":"https:\/\/bizian.es\/eu\/posturologia-clinica\/","og_site_name":"bizian","article_modified_time":"2026-04-24T11:30:33+00:00","og_image":[{"url":"https:\/\/bizian.es\/wp-content\/uploads\/2026\/04\/imgi_148_E109NGI8-1024x1024.jpg","type":"","width":"","height":""}],"twitter_card":"summary_large_image","twitter_misc":{"Est. reading time":"3 minutua"},"schema":{"@context":"https:\/\/schema.org","@graph":[{"@type":"WebPage","@id":"https:\/\/bizian.es\/posturologia-clinica\/","url":"https:\/\/bizian.es\/posturologia-clinica\/","name":"Posturolog\u00eda cl\u00ednica - bizian","isPartOf":{"@id":"https:\/\/bizian.es\/#website"},"primaryImageOfPage":{"@id":"https:\/\/bizian.es\/posturologia-clinica\/#primaryimage"},"image":{"@id":"https:\/\/bizian.es\/posturologia-clinica\/#primaryimage"},"thumbnailUrl":"https:\/\/bizian.es\/wp-content\/uploads\/2026\/04\/imgi_148_E109NGI8-1024x1024.jpg","datePublished":"2026-04-24T08:29:19+00:00","dateModified":"2026-04-24T11:30:33+00:00","breadcrumb":{"@id":"https:\/\/bizian.es\/posturologia-clinica\/#breadcrumb"},"inLanguage":"eu","potentialAction":[{"@type":"ReadAction","target":["https:\/\/bizian.es\/posturologia-clinica\/"]}]},{"@type":"ImageObject","inLanguage":"eu","@id":"https:\/\/bizian.es\/posturologia-clinica\/#primaryimage","url":"https:\/\/bizian.es\/wp-content\/uploads\/2026\/04\/imgi_148_E109NGI8-1024x1024.jpg","contentUrl":"https:\/\/bizian.es\/wp-content\/uploads\/2026\/04\/imgi_148_E109NGI8-1024x1024.jpg"},{"@type":"BreadcrumbList","@id":"https:\/\/bizian.es\/posturologia-clinica\/#breadcrumb","itemListElement":[{"@type":"ListItem","position":1,"name":"Portada","item":"https:\/\/bizian.es\/"},{"@type":"ListItem","position":2,"name":"Posturolog\u00eda cl\u00ednica"}]},{"@type":"WebSite","@id":"https:\/\/bizian.es\/#website","url":"https:\/\/bizian.es\/","name":"bizian","description":"","publisher":{"@id":"https:\/\/bizian.es\/#organization"},"potentialAction":[{"@type":"SearchAction","target":{"@type":"EntryPoint","urlTemplate":"https:\/\/bizian.es\/?s={search_term_string}"},"query-input":{"@type":"PropertyValueSpecification","valueRequired":true,"valueName":"search_term_string"}}],"inLanguage":"eu"},{"@type":"Organization","@id":"https:\/\/bizian.es\/#organization","name":"bizian","url":"https:\/\/bizian.es\/","logo":{"@type":"ImageObject","inLanguage":"eu","@id":"https:\/\/bizian.es\/#\/schema\/logo\/image\/","url":"https:\/\/bizian.es\/wp-content\/uploads\/2026\/04\/imgi_29_bizian-logo.png","contentUrl":"https:\/\/bizian.es\/wp-content\/uploads\/2026\/04\/imgi_29_bizian-logo.png","width":235,"height":127,"caption":"bizian"},"image":{"@id":"https:\/\/bizian.es\/#\/schema\/logo\/image\/"}}]}},"_links":{"self":[{"href":"https:\/\/bizian.es\/eu\/wp-json\/wp\/v2\/pages\/432","targetHints":{"allow":["GET"]}}],"collection":[{"href":"https:\/\/bizian.es\/eu\/wp-json\/wp\/v2\/pages"}],"about":[{"href":"https:\/\/bizian.es\/eu\/wp-json\/wp\/v2\/types\/page"}],"author":[{"embeddable":true,"href":"https:\/\/bizian.es\/eu\/wp-json\/wp\/v2\/users\/1"}],"replies":[{"embeddable":true,"href":"https:\/\/bizian.es\/eu\/wp-json\/wp\/v2\/comments?post=432"}],"version-history":[{"count":134,"href":"https:\/\/bizian.es\/eu\/wp-json\/wp\/v2\/pages\/432\/revisions"}],"predecessor-version":[{"id":896,"href":"https:\/\/bizian.es\/eu\/wp-json\/wp\/v2\/pages\/432\/revisions\/896"}],"wp:attachment":[{"href":"https:\/\/bizian.es\/eu\/wp-json\/wp\/v2\/media?parent=432"}],"curies":[{"name":"wp","href":"https:\/\/api.w.org\/{rel}","templated":true}]}}